{"id":12,"date":"2021-06-17T08:38:01","date_gmt":"2021-06-17T06:38:01","guid":{"rendered":"https:\/\/raumhaus.de\/raumhaus\/widerrufsbelehrung\/"},"modified":"2022-05-23T16:27:26","modified_gmt":"2022-05-23T14:27:26","slug":"widerrufsbelehrung","status":"publish","type":"page","link":"https:\/\/raumhaus.de\/shop\/widerrufsbelehrung\/","title":{"rendered":"Widerrufsbelehrung"},"content":{"rendered":"<p><strong>Widerrufsbelehrung f\u00fcr Verbraucher<\/strong><\/p>\n<p>Sie haben das Recht, binnen vierzehn Tagen ohne Angabe von Gr\u00fcnden diesen Vertrag zu widerrufen. Die Widerrufsfrist betr\u00e4gt vierzehn Tage ab an dem Sie oder ein von Ihnen benannter Dritter, der nicht der Bef\u00f6rderer ist, die letzte Ware in Besitz genommen haben bzw. Um Ihr Widerrufsrecht auszu\u00fcben, m\u00fcssen Sie uns<\/p>\n<p>Raumhaus GmbH<br \/>\nWinterfeldtstr. 60, 10781 Berlin<br \/>\nT +49 30 21 50 97-12<br \/>\nF +49 30 21 50 97-99<br \/>\nM +49 172 101 92 27<br \/>\nEmail: kontakt@raumhaus.de <\/p>\n<p>mittels einer eindeutigen Erkl\u00e4rung (z.B. ein mit der Post versandter Brief, Telefax oder E-Mail) \u00fcber Ihren Entschluss, diesen Vertrag zu widerrufen, informieren. Sie k\u00f6nnen daf\u00fcr das beigef\u00fcgte Muster-Widerrufsformular verwenden, das jedoch nicht vorgeschrieben ist. Zur Wahrung der Widerrufsfrist reicht es aus, dass Sie die Mitteilung \u00fcber die Aus\u00fcbung des Widerrufsrechts vor Ablauf der Widerrufsfrist absenden.<\/p>\n<p><strong>Folgen des Widerrufs <\/strong><\/p>\n<p>Wenn Sie diesen Vertrag widerrufen, haben wir Ihnen alle Zahlungen, die wir von Ihnen erhalten haben, einschlie\u00dflich der Lieferkosten (mit Ausnahme der zus\u00e4tzlichen Kosten, die sich daraus ergeben, dass Sie eine andere Art der Lieferung als die von uns angebotene, g\u00fcnstigste Standardlieferung gew\u00e4hlt haben, im Einzelfall z.B. bei der \u00dcbersendung von Objektunterlagen), unverz\u00fcglich und sp\u00e4testens binnen vierzehn Tagen ab dem Tag zur\u00fcckzuzahlen, an dem die Mitteilung \u00fcber Ihren Widerruf dieses Vertrags bei uns eingegangen ist. F\u00fcr diese R\u00fcckzahlung verwenden wir dasselbe Zahlungsmittel, das Sie bei der urspr\u00fcnglichen Transaktion eingesetzt haben, es sei denn, mit Ihnen wurde ausdr\u00fccklich etwas anderes vereinbart; in keinem Fall werden Ihnen wegen dieser R\u00fcckzahlung Entgelte berechnet. Wir k\u00f6nnen die R\u00fcckzahlung verweigern, bis wir die Waren wieder zur\u00fcckerhalten haben oder bis Sie den Nachweis erbracht haben, dass Sie die Waren zur\u00fcckgesandt haben, je nachdem, welches der fr\u00fchere Zeitpunkt ist. Sie haben die Waren unverz\u00fcglich und in jedem Fall sp\u00e4testens binnen vierzehn Tagen ab dem Tag, an dem Sie uns \u00fcber den Widerruf dieses Vertrags unterrichten, an uns zur\u00fcckzusenden oder zu \u00fcbergeben. Die Frist ist gewahrt, wenn Sie die Waren vor Ablauf der Frist von vierzehn Tagen absenden.<\/p>\n<p><strong>Kosten der R\u00fccksendung<\/strong><\/p>\n<p>Bitte senden Sie uns im Falle eines Widerrufs das unbenutzte Produkt, idealerweise in der Originalverpackung zur\u00fcck. <\/p>\n<p>Wir tragen die unmittelbaren Kosten f\u00fcr R\u00fccksendungen von paketversandf\u00e4higer Waren, sofern es sich um Bestellungen von Privatkunden, d.h. Verbrauchern im Sinne von \u00a713 BGB, handelt.<\/p>\n<p>Wir tragen nicht die Kosten f\u00fcr R\u00fccksendungen von nicht-paketversandf\u00e4higen Waren. F\u00fcr den R\u00fcckversand von Speditionssendungen werden wir in Abstimmung mit Ihnen eine Abholung seitens einer von uns genannten Speditionsfirma vereinbaren. Wir berechnen pauschal 75,- \u20ac (inkl. MwSt.)  pro Speditionsauftrag.<\/p>\n<p>Sie m\u00fcssen f\u00fcr einen etwaigen Werteverlust der Waren nur aufkommen, wenn dieser Werteverlust auf einen zur Pr\u00fcfung der Beschaffenheit, Eigenschaften und Funktionsweise der Waren nicht notwendigen Umgang mit ihnen zur\u00fcckzuf\u00fchren ist.\u201c<\/p>\n<p><strong>Ausschluss des Widerrufsrechts.<\/strong><\/p>\n<p>Das Widerrufsrecht besteht nicht bei Vertr\u00e4gen zur Lieferung von Waren, die nicht vorgefertigt sind und f\u00fcr deren Herstellung eine individuelle Auswahl oder Bestimmung durch den Verbraucher ma\u00dfgeblich ist oder die eindeutig auf die pers\u00f6nlichen Bed\u00fcrfnisse des Verbrauchers zugeschnitten sind.<\/p>\n<p>(Ende der Widerrufsbelehrung)<\/p>\n<p>Muster-Widerrufsformular<br \/>\n(Wenn Sie den Vertrag widerrufen wollen, dann f\u00fcllen Sie bitte dieses Formular aus und senden Sie es zur\u00fcck.)<br \/>\nAn<br \/>\nRaumhaus GmbH<br \/>\nWinterfeldtstr. 60,<br \/>\n10781 Berlin<br \/>\nT +49 30 21 50 97-12<br \/>\nF +49 30 21 50 97-99<br \/>\nM +49 172 101 92 27<br \/>\nEmail: kontakt@raumhaus.de <\/p>\n<p>Hiermit widerrufe(n) ich\/wir (*) den von mir\/uns (*) abgeschlossenen Vertrag \u00fcber den Kauf der folgenden Waren :<\/p>\n<p>Bestellt am<br \/>\nErhalten am<br \/>\nName des\/der Verbraucher(s):<\/p>\n<p>Anschrift des\/der Verbraucher(s):<\/p>\n<p>Unterschrift des\/der Verbraucher(s) (nur bei Mitteilung auf Papier)<\/p>\n","protected":false},"excerpt":{"rendered":"Widerrufsbelehrung f\u00fcr Verbraucher Sie haben das Recht, binnen vierzehn Tagen ohne Angabe von Gr\u00fcnden diesen Vertrag zu widerrufen. Die Widerrufsfrist betr\u00e4gt vierzehn Tage ab an dem Sie oder ein von Ihnen benannter Dritter, der nicht der Bef\u00f6rderer ist, die letzte Ware in Besitz genommen haben bzw. Um Ihr Widerrufsrecht auszu\u00fcben, m\u00fcssen Sie uns Raumhaus GmbH[&#8230;]","protected":false},"author":1,"featured_media":0,"parent":0,"menu_order":0,"comment_status":"closed","ping_status":"closed","template":"","meta":{"_acf_changed":false,"footnotes":""},"class_list":["post-12","page","type-page","status-publish","hentry"],"acf":[],"_links":{"self":[{"href":"https:\/\/raumhaus.de\/shop\/wp-json\/wp\/v2\/pages\/12","targetHints":{"allow":["GET"]}}],"collection":[{"href":"https:\/\/raumhaus.de\/shop\/wp-json\/wp\/v2\/pages"}],"about":[{"href":"https:\/\/raumhaus.de\/shop\/wp-json\/wp\/v2\/types\/page"}],"author":[{"embeddable":true,"href":"https:\/\/raumhaus.de\/shop\/wp-json\/wp\/v2\/users\/1"}],"replies":[{"embeddable":true,"href":"https:\/\/raumhaus.de\/shop\/wp-json\/wp\/v2\/comments?post=12"}],"version-history":[{"count":0,"href":"https:\/\/raumhaus.de\/shop\/wp-json\/wp\/v2\/pages\/12\/revisions"}],"wp:attachment":[{"href":"https:\/\/raumhaus.de\/shop\/wp-json\/wp\/v2\/media?parent=12"}],"curies":[{"name":"wp","href":"https:\/\/api.w.org\/{rel}","templated":true}]}}