{"id":14,"date":"2021-06-17T08:38:01","date_gmt":"2021-06-17T06:38:01","guid":{"rendered":"https:\/\/raumhaus.de\/raumhaus\/bezahlmoeglichkeiten\/"},"modified":"2022-06-02T07:14:51","modified_gmt":"2022-06-02T05:14:51","slug":"zahlungsarten-und-versandbedingungen","status":"publish","type":"page","link":"https:\/\/raumhaus.de\/shop\/zahlungsarten-und-versandbedingungen\/","title":{"rendered":"Zahlungsarten &#038; Versandbedingungen"},"content":{"rendered":"<p>Die Versandkosten f\u00fcr Bestellungen in unserem Shop betragen derzeit:<br \/>\nVersandkostenfrei innerhalb Deutschlands.<\/p>\n<p>Selbstverst\u00e4ndlich werden die Lieferungen per Spedition rechtzeitig telefonisch avisiert, sodass Sie f\u00fcr eine reibungslose Annahme sorgen k\u00f6nnen. Die Lieferzeit f\u00fcr konfigurierbare Produkte betr\u00e4gt im Allgemeinen vier bis sechs Wochen ab Bestelleingang oder Zahlungseingang bei Zahlung per Vorkasse oder PayPal.<\/p>\n","protected":false},"excerpt":{"rendered":"Die Versandkosten f\u00fcr Bestellungen in unserem Shop betragen derzeit: Versandkostenfrei innerhalb Deutschlands. Selbstverst\u00e4ndlich werden die Lieferungen per Spedition rechtzeitig telefonisch avisiert, sodass Sie f\u00fcr eine reibungslose Annahme sorgen k\u00f6nnen. Die Lieferzeit f\u00fcr konfigurierbare Produkte betr\u00e4gt im Allgemeinen vier bis sechs Wochen ab Bestelleingang oder Zahlungseingang bei Zahlung per Vorkasse oder PayPal.","protected":false},"author":1,"featured_media":0,"parent":0,"menu_order":0,"comment_status":"closed","ping_status":"closed","template":"","meta":{"_acf_changed":false,"footnotes":""},"class_list":["post-14","page","type-page","status-publish","hentry"],"acf":[],"_links":{"self":[{"href":"https:\/\/raumhaus.de\/shop\/wp-json\/wp\/v2\/pages\/14","targetHints":{"allow":["GET"]}}],"collection":[{"href":"https:\/\/raumhaus.de\/shop\/wp-json\/wp\/v2\/pages"}],"about":[{"href":"https:\/\/raumhaus.de\/shop\/wp-json\/wp\/v2\/types\/page"}],"author":[{"embeddable":true,"href":"https:\/\/raumhaus.de\/shop\/wp-json\/wp\/v2\/users\/1"}],"replies":[{"embeddable":true,"href":"https:\/\/raumhaus.de\/shop\/wp-json\/wp\/v2\/comments?post=14"}],"version-history":[{"count":0,"href":"https:\/\/raumhaus.de\/shop\/wp-json\/wp\/v2\/pages\/14\/revisions"}],"wp:attachment":[{"href":"https:\/\/raumhaus.de\/shop\/wp-json\/wp\/v2\/media?parent=14"}],"curies":[{"name":"wp","href":"https:\/\/api.w.org\/{rel}","templated":true}]}}