{"id":316,"date":"2017-09-18T04:38:40","date_gmt":"2017-09-18T04:38:40","guid":{"rendered":"https:\/\/victorthemes.com\/themes\/elate\/\/?page_id=316"},"modified":"2026-03-20T14:53:04","modified_gmt":"2026-03-20T13:53:04","slug":"home-one","status":"publish","type":"page","link":"https:\/\/raumhaus.de\/shop\/","title":{"rendered":"Home One"},"content":{"rendered":"\t\t<div data-elementor-type=\"wp-post\" data-elementor-id=\"316\" class=\"elementor elementor-316\" data-elementor-post-type=\"page\">\n\t\t\t\t\t\t<section class=\"elementor-section elementor-top-section elementor-element elementor-element-324517d elementor-section-full_width elementor-section-stretched elementor-section-height-default elementor-section-height-default\" data-id=\"324517d\" data-element_type=\"section\" data-e-type=\"section\" data-settings=\"{&quot;stretch_section&quot;:&quot;section-stretched&quot;}\">\n\t\t\t\t\t\t<div class=\"elementor-container elementor-column-gap-default\">\n\t\t\t\t\t<div class=\"elementor-column elementor-col-100 elementor-top-column elementor-element elementor-element-af89e67\" data-id=\"af89e67\" data-element_type=\"column\" data-e-type=\"column\">\n\t\t\t<div class=\"elementor-widget-wrap elementor-element-populated\">\n\t\t\t\t\t\t<div class=\"elementor-element elementor-element-9015e95 elementor-widget elementor-widget-image\" data-id=\"9015e95\" data-element_type=\"widget\" data-e-type=\"widget\" data-widget_type=\"image.default\">\n\t\t\t\t<div class=\"elementor-widget-container\">\n\t\t\t\t\t\t\t\t\t\t\t\t\t\t\t<img decoding=\"async\" src=\"https:\/\/raumhaus.de\/shop\/wp-content\/uploads\/elementor\/thumbs\/Infoblog_Framery_Header_1-1920x736px-rkse7ng6cmuxosq6aingm5veh7h7995gn4hf31r1ds.jpg\" title=\"Onlineshop-Startseite_Header (1920x736px)\" alt=\"Onlineshop-Startseite_Header (1920x736px)\" loading=\"lazy\" \/>\t\t\t\t\t\t\t\t\t\t\t\t\t\t\t<\/div>\n\t\t\t\t<\/div>\n\t\t\t\t\t<\/div>\n\t\t<\/div>\n\t\t\t\t\t<\/div>\n\t\t<\/section>\n\t\t\t\t<section class=\"elementor-section elementor-top-section elementor-element elementor-element-7c7b4aa elementor-section-boxed elementor-section-height-default elementor-section-height-default\" data-id=\"7c7b4aa\" data-element_type=\"section\" data-e-type=\"section\">\n\t\t\t\t\t\t<div class=\"elementor-container elementor-column-gap-default\">\n\t\t\t\t\t<div class=\"elementor-column elementor-col-33 elementor-top-column elementor-element elementor-element-c360bf8\" data-id=\"c360bf8\" data-element_type=\"column\" data-e-type=\"column\">\n\t\t\t<div class=\"elementor-widget-wrap elementor-element-populated\">\n\t\t\t\t\t\t<div class=\"elementor-element elementor-element-7f9e46c elementor-widget elementor-widget-wp-widget-text\" data-id=\"7f9e46c\" data-element_type=\"widget\" data-e-type=\"widget\" data-widget_type=\"wp-widget-text.default\">\n\t\t\t\t<div class=\"elementor-widget-container\">\n\t\t\t\t\t\t\t\t<div class=\"textwidget\"><p><img decoding=\"async\" class=\"alignnone size-medium wp-image-4906\" src=\"https:\/\/raumhaus.de\/shop\/wp-content\/uploads\/2026\/03\/RH_SC_PlatinumPartner-2025-300x57.png\" alt=\"\" width=\"300\" height=\"57\" srcset=\"https:\/\/raumhaus.de\/shop\/wp-content\/uploads\/2026\/03\/RH_SC_PlatinumPartner-2025-300x57.png 300w, https:\/\/raumhaus.de\/shop\/wp-content\/uploads\/2026\/03\/RH_SC_PlatinumPartner-2025-440x83.png 440w, https:\/\/raumhaus.de\/shop\/wp-content\/uploads\/2026\/03\/RH_SC_PlatinumPartner-2025-64x12.png 64w, https:\/\/raumhaus.de\/shop\/wp-content\/uploads\/2026\/03\/RH_SC_PlatinumPartner-2025.png 699w\" sizes=\"(max-width: 300px) 100vw, 300px\" \/><\/p>\n<\/div>\n\t\t\t\t\t\t<\/div>\n\t\t\t\t<\/div>\n\t\t\t\t\t<\/div>\n\t\t<\/div>\n\t\t\t\t<div class=\"elementor-column elementor-col-33 elementor-top-column elementor-element elementor-element-f6797d2\" data-id=\"f6797d2\" data-element_type=\"column\" data-e-type=\"column\">\n\t\t\t<div class=\"elementor-widget-wrap\">\n\t\t\t\t\t\t\t<\/div>\n\t\t<\/div>\n\t\t\t\t<div class=\"elementor-column elementor-col-33 elementor-top-column elementor-element elementor-element-3974583\" data-id=\"3974583\" data-element_type=\"column\" data-e-type=\"column\">\n\t\t\t<div class=\"elementor-widget-wrap elementor-element-populated\">\n\t\t\t\t\t\t<div class=\"elementor-element elementor-element-74515fd elementor-widget elementor-widget-wp-widget-woocommerce_product_search\" data-id=\"74515fd\" data-element_type=\"widget\" data-e-type=\"widget\" data-widget_type=\"wp-widget-woocommerce_product_search.default\">\n\t\t\t\t<div class=\"elementor-widget-container\">\n\t\t\t\t\t<div class=\"woocommerce widget_product_search\"><form role=\"search\" method=\"get\" class=\"woocommerce-product-search\" action=\"https:\/\/raumhaus.de\/shop\/\">\n\t<label class=\"screen-reader-text\" for=\"woocommerce-product-search-field-0\">Suche nach:<\/label>\n\t<input type=\"search\" id=\"woocommerce-product-search-field-0\" class=\"search-field\" placeholder=\"Produkte suchen\u00a0\u2026\" value=\"\" name=\"s\" \/>\n\t<button type=\"submit\" value=\"Suchen\" class=\"\">Suchen<\/button>\n\t<input type=\"hidden\" name=\"post_type\" value=\"product\" \/>\n<\/form>\n<\/div>\t\t\t\t<\/div>\n\t\t\t\t<\/div>\n\t\t\t\t\t<\/div>\n\t\t<\/div>\n\t\t\t\t\t<\/div>\n\t\t<\/section>\n\t\t\t\t<section class=\"elementor-section elementor-top-section elementor-element elementor-element-e2fedce elementor-section-boxed elementor-section-height-default elementor-section-height-default\" data-id=\"e2fedce\" data-element_type=\"section\" data-e-type=\"section\">\n\t\t\t\t\t\t<div class=\"elementor-container elementor-column-gap-default\">\n\t\t\t\t\t<div class=\"elementor-column elementor-col-100 elementor-top-column elementor-element elementor-element-9b729ba\" data-id=\"9b729ba\" data-element_type=\"column\" data-e-type=\"column\">\n\t\t\t<div class=\"elementor-widget-wrap elementor-element-populated\">\n\t\t\t\t\t\t<div class=\"elementor-element elementor-element-cf71502 elementor-widget elementor-widget-spacer\" data-id=\"cf71502\" data-element_type=\"widget\" data-e-type=\"widget\" data-widget_type=\"spacer.default\">\n\t\t\t\t<div class=\"elementor-widget-container\">\n\t\t\t\t\t\t\t<div class=\"elementor-spacer\">\n\t\t\t<div class=\"elementor-spacer-inner\"><\/div>\n\t\t<\/div>\n\t\t\t\t\t\t<\/div>\n\t\t\t\t<\/div>\n\t\t\t\t<div class=\"elementor-element elementor-element-e5bf052 elementor-widget elementor-widget-wp-widget-text\" data-id=\"e5bf052\" data-element_type=\"widget\" data-e-type=\"widget\" data-widget_type=\"wp-widget-text.default\">\n\t\t\t\t<div class=\"elementor-widget-container\">\n\t\t\t\t\t\t\t\t<div class=\"textwidget\"><h1 style=\"text-align: center\">AUSGEW\u00c4HLTE <strong>PRODUKTE<\/strong> F\u00dcR IHRE ARBEITSWELT<\/h1>\n<\/div>\n\t\t\t\t\t\t<\/div>\n\t\t\t\t<\/div>\n\t\t\t\t<div class=\"elementor-element elementor-element-20ebe1a elementor-widget elementor-widget-wp-widget-text\" data-id=\"20ebe1a\" data-element_type=\"widget\" data-e-type=\"widget\" data-widget_type=\"wp-widget-text.default\">\n\t\t\t\t<div class=\"elementor-widget-container\">\n\t\t\t\t\t\t\t\t<div class=\"textwidget\"><p>Der Raumhaus Shop pr\u00e4sentiert eine kleine, hochwertige Auswahl an <strong>Arbeitsst\u00fchlen von Vitra und Steelcase<\/strong> sowie <strong>Framery Telefonboxen zur Miete<\/strong>. Alle Produkte stammen aus unserer Projektpraxis und eignen sich ideal f\u00fcr moderne, flexible Arbeitsumgebungen.<\/p>\n<div>\n<div>Unsere Auswahl ist nur ein Ausschnitt dessen, was wir planen und realisieren. Wenn Sie weitere M\u00f6bel oder spezifische L\u00f6sungen suchen, beraten wir Sie gern pers\u00f6nlich<strong>.<\/strong> Eine \u00dcbersicht unserer Marken und Partner finden Sie weiterhin auf unserer Herstellerseite.<\/div>\n<\/div>\n<\/div>\n\t\t\t\t\t\t<\/div>\n\t\t\t\t<\/div>\n\t\t\t\t<div class=\"elementor-element elementor-element-b6b179f elementor-widget elementor-widget-spacer\" data-id=\"b6b179f\" data-element_type=\"widget\" data-e-type=\"widget\" data-widget_type=\"spacer.default\">\n\t\t\t\t<div class=\"elementor-widget-container\">\n\t\t\t\t\t\t\t<div class=\"elementor-spacer\">\n\t\t\t<div class=\"elementor-spacer-inner\"><\/div>\n\t\t<\/div>\n\t\t\t\t\t\t<\/div>\n\t\t\t\t<\/div>\n\t\t\t\t<div class=\"elementor-element elementor-element-6bdfe68 elementor-align-center elementor-widget elementor-widget-button\" data-id=\"6bdfe68\" data-element_type=\"widget\" data-e-type=\"widget\" data-widget_type=\"button.default\">\n\t\t\t\t<div class=\"elementor-widget-container\">\n\t\t\t\t\t\t\t\t\t<div class=\"elementor-button-wrapper\">\n\t\t\t\t\t<a class=\"elementor-button elementor-button-link elementor-size-sm\" href=\"https:\/\/raumhaus.de\/shop\/alle-produkte\/\">\n\t\t\t\t\t\t<span class=\"elementor-button-content-wrapper\">\n\t\t\t\t\t\t\t\t\t<span class=\"elementor-button-text\">Produkte entdecken<\/span>\n\t\t\t\t\t<\/span>\n\t\t\t\t\t<\/a>\n\t\t\t\t<\/div>\n\t\t\t\t\t\t\t\t<\/div>\n\t\t\t\t<\/div>\n\t\t\t\t<div class=\"elementor-element elementor-element-0fcec1c elementor-widget elementor-widget-spacer\" data-id=\"0fcec1c\" data-element_type=\"widget\" data-e-type=\"widget\" data-widget_type=\"spacer.default\">\n\t\t\t\t<div class=\"elementor-widget-container\">\n\t\t\t\t\t\t\t<div class=\"elementor-spacer\">\n\t\t\t<div class=\"elementor-spacer-inner\"><\/div>\n\t\t<\/div>\n\t\t\t\t\t\t<\/div>\n\t\t\t\t<\/div>\n\t\t\t\t\t<\/div>\n\t\t<\/div>\n\t\t\t\t\t<\/div>\n\t\t<\/section>\n\t\t\t\t<section class=\"elementor-section elementor-top-section elementor-element elementor-element-bdjhgpx elementor-section-boxed elementor-section-height-default elementor-section-height-default\" data-id=\"bdjhgpx\" data-element_type=\"section\" data-e-type=\"section\">\n\t\t\t\t\t\t<div class=\"elementor-container elementor-column-gap-default\">\n\t\t\t\t\t<div class=\"elementor-column elementor-col-100 elementor-top-column elementor-element elementor-element-siuspha\" data-id=\"siuspha\" data-element_type=\"column\" data-e-type=\"column\">\n\t\t\t<div class=\"elementor-widget-wrap elementor-element-populated\">\n\t\t\t\t\t\t<div class=\"elementor-element elementor-element-a91194a elementor-widget elementor-widget-wp-widget-text\" data-id=\"a91194a\" data-element_type=\"widget\" data-e-type=\"widget\" data-widget_type=\"wp-widget-text.default\">\n\t\t\t\t<div class=\"elementor-widget-container\">\n\t\t\t\t\t\t\t\t<div class=\"textwidget\"><h3 style=\"text-align: center\">UNSERE <strong>MARKEN<\/strong><\/h3>\n<\/div>\n\t\t\t\t\t\t<\/div>\n\t\t\t\t<\/div>\n\t\t\t\t<div class=\"elementor-element elementor-element-434bab9 elementor-widget elementor-widget-vt-elate_client\" data-id=\"434bab9\" data-element_type=\"widget\" data-e-type=\"widget\" data-widget_type=\"vt-elate_client.default\">\n\t\t\t\t<div class=\"elementor-widget-container\">\n\t\t\t\t\t<div class=\"eclt-clients\">\n\t\t\t\t\t\t\t\t<div class=\"owl-carousel\"  data-loop=\"true\" data-items=\"4\" data-margin=\"30\" data-dots=\"false\" data-nav=\"true\" data-autoplay-timeout=\"2000\" data-autoplay=\"true\" data-mouse-drag=\"true\" data-items-tablet=\"3\" data-items-mobile-landscape=\"2\" data-items-mobile-portrait=\"1\"><div class=\"item\"><div class=\"client-item\"><div class=\"eclt-image\"><a href=\"#0\" target=\"_blank\" rel=\"nofollow\"><img decoding=\"async\" src=\"https:\/\/raumhaus.de\/shop\/wp-content\/uploads\/2022\/02\/steelcase.png\" alt=\"Client\" style=\"width: 177px; height: 33px;\"><\/a><\/div><\/div><\/div><div class=\"item\"><div class=\"client-item\"><div class=\"eclt-image\"><img decoding=\"async\" src=\"https:\/\/raumhaus.de\/shop\/wp-content\/uploads\/2022\/02\/brunner.png\" alt=\"\" style=\"width: 177.5px; height: 32.5px;\"><\/div><\/div><\/div><div class=\"item\"><div class=\"client-item\"><div class=\"eclt-image\"><img decoding=\"async\" src=\"https:\/\/raumhaus.de\/shop\/wp-content\/uploads\/2022\/02\/vitra-3.png\" alt=\"\" style=\"width: 177px; height: 32px;\"><\/div><\/div><\/div><div class=\"item\"><div class=\"client-item\"><div class=\"eclt-image\"><img decoding=\"async\" src=\"https:\/\/raumhaus.de\/shop\/wp-content\/uploads\/2022\/02\/interstuhl.png\" alt=\"\" style=\"width: 177px; height: 32px;\"><\/div><\/div><\/div><\/div><\/div>\t\t\t\t<\/div>\n\t\t\t\t<\/div>\n\t\t\t\t<div class=\"elementor-element elementor-element-94d2b0e elementor-widget elementor-widget-spacer\" data-id=\"94d2b0e\" data-element_type=\"widget\" data-e-type=\"widget\" data-widget_type=\"spacer.default\">\n\t\t\t\t<div class=\"elementor-widget-container\">\n\t\t\t\t\t\t\t<div class=\"elementor-spacer\">\n\t\t\t<div class=\"elementor-spacer-inner\"><\/div>\n\t\t<\/div>\n\t\t\t\t\t\t<\/div>\n\t\t\t\t<\/div>\n\t\t\t\t<div class=\"elementor-element elementor-element-0b9c3a1 elementor-align-center elementor-widget elementor-widget-button\" data-id=\"0b9c3a1\" data-element_type=\"widget\" data-e-type=\"widget\" data-widget_type=\"button.default\">\n\t\t\t\t<div class=\"elementor-widget-container\">\n\t\t\t\t\t\t\t\t\t<div class=\"elementor-button-wrapper\">\n\t\t\t\t\t<a class=\"elementor-button elementor-button-link elementor-size-sm\" href=\"https:\/\/raumhaus.de\/shop\/marken\/\">\n\t\t\t\t\t\t<span class=\"elementor-button-content-wrapper\">\n\t\t\t\t\t\t\t\t\t<span class=\"elementor-button-text\">Mehr erfahren<\/span>\n\t\t\t\t\t<\/span>\n\t\t\t\t\t<\/a>\n\t\t\t\t<\/div>\n\t\t\t\t\t\t\t\t<\/div>\n\t\t\t\t<\/div>\n\t\t\t\t\t<\/div>\n\t\t<\/div>\n\t\t\t\t\t<\/div>\n\t\t<\/section>\n\t\t\t\t<section class=\"elementor-section elementor-top-section elementor-element elementor-element-b8a0c2a elementor-section-full_width elementor-section-stretched elementor-section-height-default elementor-section-height-default\" data-id=\"b8a0c2a\" data-element_type=\"section\" data-e-type=\"section\" data-settings=\"{&quot;stretch_section&quot;:&quot;section-stretched&quot;}\">\n\t\t\t\t\t\t<div class=\"elementor-container elementor-column-gap-default\">\n\t\t\t\t\t<div class=\"elementor-column elementor-col-100 elementor-top-column elementor-element elementor-element-7a96e28\" data-id=\"7a96e28\" data-element_type=\"column\" data-e-type=\"column\">\n\t\t\t<div class=\"elementor-widget-wrap elementor-element-populated\">\n\t\t\t\t\t\t<div class=\"elementor-element elementor-element-e61b284 elementor-widget elementor-widget-template\" data-id=\"e61b284\" data-element_type=\"widget\" data-e-type=\"widget\" data-widget_type=\"template.default\">\n\t\t\t\t<div class=\"elementor-widget-container\">\n\t\t\t\t\t\t\t<div class=\"elementor-template\">\n\t\t\t\t\t<\/div>\n\t\t\t\t\t\t<\/div>\n\t\t\t\t<\/div>\n\t\t\t\t\t<\/div>\n\t\t<\/div>\n\t\t\t\t\t<\/div>\n\t\t<\/section>\n\t\t\t\t<section class=\"elementor-section elementor-top-section elementor-element elementor-element-63a0d34 elementor-section-full_width elementor-section-stretched elementor-section-height-default elementor-section-height-default\" data-id=\"63a0d34\" data-element_type=\"section\" data-e-type=\"section\" data-settings=\"{&quot;stretch_section&quot;:&quot;section-stretched&quot;}\">\n\t\t\t\t\t\t<div class=\"elementor-container elementor-column-gap-default\">\n\t\t\t\t\t<div class=\"elementor-column elementor-col-100 elementor-top-column elementor-element elementor-element-aabfd6e\" data-id=\"aabfd6e\" data-element_type=\"column\" data-e-type=\"column\">\n\t\t\t<div class=\"elementor-widget-wrap elementor-element-populated\">\n\t\t\t\t\t\t<div class=\"elementor-element elementor-element-89dc308 elementor-widget elementor-widget-template\" data-id=\"89dc308\" data-element_type=\"widget\" data-e-type=\"widget\" data-widget_type=\"template.default\">\n\t\t\t\t<div class=\"elementor-widget-container\">\n\t\t\t\t\t\t\t<div class=\"elementor-template\">\n\t\t\t\t\t<div data-elementor-type=\"section\" data-elementor-id=\"2564\" class=\"elementor elementor-2564\" data-elementor-post-type=\"elementor_library\">\n\t\t\t\t\t<section class=\"elementor-section elementor-top-section elementor-element elementor-element-28afe862 elementor-section-stretched elementor-section-boxed elementor-section-height-default elementor-section-height-default\" data-id=\"28afe862\" data-element_type=\"section\" data-e-type=\"section\" data-settings=\"{&quot;background_background&quot;:&quot;classic&quot;,&quot;stretch_section&quot;:&quot;section-stretched&quot;}\">\n\t\t\t\t\t\t<div class=\"elementor-container elementor-column-gap-default\">\n\t\t\t\t\t<div class=\"elementor-column elementor-col-50 elementor-top-column elementor-element elementor-element-3ae8f85e\" data-id=\"3ae8f85e\" data-element_type=\"column\" data-e-type=\"column\">\n\t\t\t<div class=\"elementor-widget-wrap elementor-element-populated\">\n\t\t\t\t\t\t<div class=\"elementor-element elementor-element-3977dcc9 elementor-widget elementor-widget-wp-widget-text\" data-id=\"3977dcc9\" data-element_type=\"widget\" data-e-type=\"widget\" data-widget_type=\"wp-widget-text.default\">\n\t\t\t\t<div class=\"elementor-widget-container\">\n\t\t\t\t\t\t\t\t<div class=\"textwidget\"><h3>WIR SIND F\u00dcR SIE DA<\/h3>\n<p>Seit 80 Jahren geben wir den W\u00fcnschen unserer Kunden mit ganzheitlichen L\u00f6sungen ein Gesicht. Bei welchem Projekt k\u00f6nnen wir Sie unterst\u00fctzen? Wir stehen Ihnen bei Fragen jederzeit zur Verf\u00fcgung.<\/p>\n<p><strong>Ihr Kontakt:<\/strong><\/p>\n<p>Oliver Leifeld<br \/>\n<a href=\"tel:+493021509755\">+49 (0) 30 215 097-55<\/a><br \/>\n<a href=\"mailto:kontakt@raumhaus.de\">kontakt@raumhaus.de<\/a><\/p>\n<\/div>\n\t\t\t\t\t\t<\/div>\n\t\t\t\t<\/div>\n\t\t\t\t\t<\/div>\n\t\t<\/div>\n\t\t\t\t<div class=\"elementor-column elementor-col-50 elementor-top-column elementor-element elementor-element-bac007f\" data-id=\"bac007f\" data-element_type=\"column\" data-e-type=\"column\">\n\t\t\t<div class=\"elementor-widget-wrap elementor-element-populated\">\n\t\t\t\t\t\t<div class=\"elementor-element elementor-element-3d46ed8 elementor-widget elementor-widget-image\" data-id=\"3d46ed8\" data-element_type=\"widget\" data-e-type=\"widget\" data-widget_type=\"image.default\">\n\t\t\t\t<div class=\"elementor-widget-container\">\n\t\t\t\t\t\t\t\t\t\t\t\t\t\t\t<img fetchpriority=\"high\" decoding=\"async\" width=\"683\" height=\"1024\" src=\"https:\/\/raumhaus.de\/shop\/wp-content\/uploads\/2022\/02\/Leifeld_Oliver-683x1024.jpg\" class=\"attachment-large size-large wp-image-4895\" alt=\"\" srcset=\"https:\/\/raumhaus.de\/shop\/wp-content\/uploads\/2022\/02\/Leifeld_Oliver-683x1024.jpg 683w, https:\/\/raumhaus.de\/shop\/wp-content\/uploads\/2022\/02\/Leifeld_Oliver-200x300.jpg 200w, https:\/\/raumhaus.de\/shop\/wp-content\/uploads\/2022\/02\/Leifeld_Oliver-768x1152.jpg 768w, https:\/\/raumhaus.de\/shop\/wp-content\/uploads\/2022\/02\/Leifeld_Oliver-1024x1536.jpg 1024w, https:\/\/raumhaus.de\/shop\/wp-content\/uploads\/2022\/02\/Leifeld_Oliver-1365x2048.jpg 1365w, https:\/\/raumhaus.de\/shop\/wp-content\/uploads\/2022\/02\/Leifeld_Oliver-440x660.jpg 440w, https:\/\/raumhaus.de\/shop\/wp-content\/uploads\/2022\/02\/Leifeld_Oliver-64x96.jpg 64w, https:\/\/raumhaus.de\/shop\/wp-content\/uploads\/2022\/02\/Leifeld_Oliver-scaled.jpg 1707w\" sizes=\"(max-width: 683px) 100vw, 683px\" \/>\t\t\t\t\t\t\t\t\t\t\t\t\t\t\t<\/div>\n\t\t\t\t<\/div>\n\t\t\t\t\t<\/div>\n\t\t<\/div>\n\t\t\t\t\t<\/div>\n\t\t<\/section>\n\t\t\t\t<\/div>\n\t\t\t\t<\/div>\n\t\t\t\t\t\t<\/div>\n\t\t\t\t<\/div>\n\t\t\t\t\t<\/div>\n\t\t<\/div>\n\t\t\t\t\t<\/div>\n\t\t<\/section>\n\t\t\t\t<\/div>\n\t\t","protected":false},"excerpt":{"rendered":"Produkte entdecken Mehr erfahren","protected":false},"author":1,"featured_media":0,"parent":0,"menu_order":0,"comment_status":"closed","ping_status":"closed","template":"elementor_theme","meta":{"_acf_changed":false,"footnotes":""},"class_list":["post-316","page","type-page","status-publish","hentry"],"acf":[],"_links":{"self":[{"href":"https:\/\/raumhaus.de\/shop\/wp-json\/wp\/v2\/pages\/316","targetHints":{"allow":["GET"]}}],"collection":[{"href":"https:\/\/raumhaus.de\/shop\/wp-json\/wp\/v2\/pages"}],"about":[{"href":"https:\/\/raumhaus.de\/shop\/wp-json\/wp\/v2\/types\/page"}],"author":[{"embeddable":true,"href":"https:\/\/raumhaus.de\/shop\/wp-json\/wp\/v2\/users\/1"}],"replies":[{"embeddable":true,"href":"https:\/\/raumhaus.de\/shop\/wp-json\/wp\/v2\/comments?post=316"}],"version-history":[{"count":33,"href":"https:\/\/raumhaus.de\/shop\/wp-json\/wp\/v2\/pages\/316\/revisions"}],"predecessor-version":[{"id":5105,"href":"https:\/\/raumhaus.de\/shop\/wp-json\/wp\/v2\/pages\/316\/revisions\/5105"}],"wp:attachment":[{"href":"https:\/\/raumhaus.de\/shop\/wp-json\/wp\/v2\/media?parent=316"}],"curies":[{"name":"wp","href":"https:\/\/api.w.org\/{rel}","templated":true}]}}